{"id":18084,"date":"2022-09-17T12:20:03","date_gmt":"2022-09-17T10:20:03","guid":{"rendered":"http:\/\/mgv-gundersheim.de\/wp\/?page_id=18084"},"modified":"2022-09-17T12:57:08","modified_gmt":"2022-09-17T10:57:08","slug":"dont-stop-believin","status":"publish","type":"page","link":"https:\/\/mgv-gundersheim.de\/wp\/?page_id=18084","title":{"rendered":"Don&#8217;t stop believin: \u00dcbungen"},"content":{"rendered":"\n<p><strong>M\u00e4nner<\/strong><\/p>\n\n\n\n<figure class=\"wp-block-audio\"><audio controls src=\"https:\/\/mgv-gundersheim.de\/wp\/wp-content\/uploads\/2020\/03\/AUD-20200328-WA0011.m4a\"><\/audio><figcaption><strong>Beschreibung<\/strong><\/figcaption><\/figure>\n\n\n\n<figure class=\"wp-block-audio\"><audio controls src=\"https:\/\/mgv-gundersheim.de\/wp\/wp-content\/uploads\/2020\/03\/AUD-20200328-WA0012.m4a\"><\/audio><figcaption><strong>Mit Metronom<\/strong><\/figcaption><\/figure>\n\n\n\n<figure class=\"wp-block-audio\"><audio controls src=\"https:\/\/mgv-gundersheim.de\/wp\/wp-content\/uploads\/2020\/03\/AUD-20200328-WA0013.m4a\"><\/audio><figcaption><strong>Gesungen<\/strong><\/figcaption><\/figure>\n\n\n\n<p><strong>B\u00e4sse<\/strong><\/p>\n\n\n\n<figure class=\"wp-block-audio\"><audio controls src=\"https:\/\/mgv-gundersheim.de\/wp\/wp-content\/uploads\/2020\/03\/AUD-20200328-WA0014.m4a\"><\/audio><figcaption>B<strong>asslauf gesungen Seite 7 &#8211; 9 Takt 42 bis Ende<\/strong><\/figcaption><\/figure>\n\n\n\n<figure class=\"wp-block-audio\"><audio controls src=\"https:\/\/mgv-gundersheim.de\/wp\/wp-content\/uploads\/2020\/03\/AUD-20200328-WA0015.m4a\"><\/audio><figcaption><strong>Nur Basslauf Seite 7 &#8211; 9 Takt 42 bis Ende<\/strong><\/figcaption><\/figure>\n\n\n\n<p><strong>Ten\u00f6re<\/strong><\/p>\n\n\n\n<figure class=\"wp-block-audio\"><audio controls src=\"https:\/\/mgv-gundersheim.de\/wp\/wp-content\/uploads\/2020\/03\/AUD-20200328-WA0019.m4a\"><\/audio><figcaption> <br><strong>Ten\u00f6re gesungen Seite 7 &#8211; 9 Takt 42 bis Ende<\/strong> <\/figcaption><\/figure>\n\n\n\n<figure class=\"wp-block-audio\"><audio controls src=\"https:\/\/mgv-gundersheim.de\/wp\/wp-content\/uploads\/2020\/03\/AUD-20200328-WA0020.m4a\"><\/audio><figcaption> <br><strong>Ten\u00f6re Seite 7 &#8211; 9 Takt 42 bis Ende<\/strong> <\/figcaption><\/figure>\n\n\n\n<p><strong>Playback<\/strong><\/p>\n\n\n\n<figure class=\"wp-block-audio\"><audio controls src=\"https:\/\/mgv-gundersheim.de\/wp\/wp-content\/uploads\/2020\/03\/AUD-20200328-WA0021.m4a\"><\/audio><figcaption><strong>Playback Takt 1 &#8211; 7<\/strong><\/figcaption><\/figure>\n\n\n\n<figure class=\"wp-block-audio\"><audio controls src=\"https:\/\/mgv-gundersheim.de\/wp\/wp-content\/uploads\/2020\/03\/AUD-20200328-WA0022.m4a\"><\/audio><figcaption> <br><strong>Playback Takt 1 &#8211; 38<\/strong> <\/figcaption><\/figure>\n\n\n\n<p><strong>Soli M\u00e4nner (Sascha und R\u00fcdiger)<\/strong><\/p>\n\n\n\n<figure class=\"wp-block-audio\"><audio controls src=\"https:\/\/mgv-gundersheim.de\/wp\/wp-content\/uploads\/2020\/03\/AUD-20200328-WA0023.m4a\"><\/audio><figcaption><strong>Ab Takt 38 <\/strong><\/figcaption><\/figure>\n\n\n\n<figure class=\"wp-block-audio\"><audio controls src=\"https:\/\/mgv-gundersheim.de\/wp\/wp-content\/uploads\/2020\/03\/AUD-20200328-WA0031.m4a\"><\/audio><figcaption><strong>Gesungen<\/strong><\/figcaption><\/figure>\n\n\n\n<p><strong>Frauen<\/strong><\/p>\n\n\n\n<figure class=\"wp-block-audio\"><audio controls src=\"https:\/\/mgv-gundersheim.de\/wp\/wp-content\/uploads\/2020\/03\/AUD-20200328-WA0026.m4a\"><\/audio><\/figure>\n\n\n\n<figure class=\"wp-block-audio\"><audio controls src=\"https:\/\/mgv-gundersheim.de\/wp\/wp-content\/uploads\/2020\/03\/AUD-20200328-WA0027.m4a\"><\/audio><\/figure>\n\n\n\n<p><strong>Playback ab Takt 42 &#8211; 57<\/strong><\/p>\n\n\n\n<figure class=\"wp-block-audio\"><audio controls src=\"https:\/\/mgv-gundersheim.de\/wp\/wp-content\/uploads\/2020\/03\/AUD-20200328-WA0028.m4a\"><\/audio><\/figure>\n\n\n\n<figure class=\"wp-block-audio\"><audio controls src=\"https:\/\/mgv-gundersheim.de\/wp\/wp-content\/uploads\/2020\/03\/AUD-20200328-WA0030.m4a\"><\/audio><\/figure>\n\n\n\n<p><strong>Playback \u00dcbergang Takt 38 &#8211; 45<\/strong><\/p>\n\n\n\n<figure class=\"wp-block-audio\"><audio controls src=\"https:\/\/mgv-gundersheim.de\/wp\/wp-content\/uploads\/2020\/03\/AUD-20200328-WA0032.m4a\"><\/audio><\/figure>\n\n\n\n<figure class=\"wp-block-audio\"><audio controls src=\"https:\/\/mgv-gundersheim.de\/wp\/wp-content\/uploads\/2020\/03\/AUD-20200328-WA0034.m4a\"><\/audio><\/figure>\n\n\n\n<figure class=\"wp-block-audio\"><audio controls src=\"https:\/\/mgv-gundersheim.de\/wp\/wp-content\/uploads\/2020\/03\/AUD-20200328-WA0035.m4a\"><\/audio><\/figure>\n","protected":false},"excerpt":{"rendered":"<p>M\u00e4nner B\u00e4sse Ten\u00f6re Playback Soli M\u00e4nner (Sascha und R\u00fcdiger) Frauen Playback ab Takt 42 &#8211; 57 Playback \u00dcbergang Takt 38 &#8211; 45<\/p>\n","protected":false},"author":1,"featured_media":0,"parent":16648,"menu_order":0,"comment_status":"closed","ping_status":"closed","template":"onecolumn-page.php","meta":{"ngg_post_thumbnail":0,"footnotes":""},"class_list":["post-18084","page","type-page","status-publish","hentry"],"_links":{"self":[{"href":"https:\/\/mgv-gundersheim.de\/wp\/index.php?rest_route=\/wp\/v2\/pages\/18084","targetHints":{"allow":["GET"]}}],"collection":[{"href":"https:\/\/mgv-gundersheim.de\/wp\/index.php?rest_route=\/wp\/v2\/pages"}],"about":[{"href":"https:\/\/mgv-gundersheim.de\/wp\/index.php?rest_route=\/wp\/v2\/types\/page"}],"author":[{"embeddable":true,"href":"https:\/\/mgv-gundersheim.de\/wp\/index.php?rest_route=\/wp\/v2\/users\/1"}],"replies":[{"embeddable":true,"href":"https:\/\/mgv-gundersheim.de\/wp\/index.php?rest_route=%2Fwp%2Fv2%2Fcomments&post=18084"}],"version-history":[{"count":13,"href":"https:\/\/mgv-gundersheim.de\/wp\/index.php?rest_route=\/wp\/v2\/pages\/18084\/revisions"}],"predecessor-version":[{"id":18097,"href":"https:\/\/mgv-gundersheim.de\/wp\/index.php?rest_route=\/wp\/v2\/pages\/18084\/revisions\/18097"}],"up":[{"embeddable":true,"href":"https:\/\/mgv-gundersheim.de\/wp\/index.php?rest_route=\/wp\/v2\/pages\/16648"}],"wp:attachment":[{"href":"https:\/\/mgv-gundersheim.de\/wp\/index.php?rest_route=%2Fwp%2Fv2%2Fmedia&parent=18084"}],"curies":[{"name":"wp","href":"https:\/\/api.w.org\/{rel}","templated":true}]}}