{"id":25,"date":"2012-07-02T07:00:55","date_gmt":"2012-07-02T05:00:55","guid":{"rendered":"http:\/\/mgv-gundersheim.de\/wp\/?page_id=25"},"modified":"2019-03-13T14:21:13","modified_gmt":"2019-03-13T13:21:13","slug":"gastebuch","status":"publish","type":"page","link":"https:\/\/mgv-gundersheim.de\/wp\/?page_id=25","title":{"rendered":"G\u00e4stebuch"},"content":{"rendered":"<p>Hallo Freunde des MGV-Liederkranz Gundersheim.<br \/>\nHier k\u00f6nnt Ihr uns schreiben was Euch gef\u00e4llt bzw. nicht gef\u00e4llt.<\/p>\n","protected":false},"excerpt":{"rendered":"<p>Hallo Freunde des MGV-Liederkranz Gundersheim. Hier k\u00f6nnt Ihr uns schreiben was Euch gef\u00e4llt bzw. nicht gef\u00e4llt.<\/p>\n","protected":false},"author":1,"featured_media":0,"parent":0,"menu_order":7,"comment_status":"open","ping_status":"open","template":"onecolumn-page.php","meta":{"ngg_post_thumbnail":0,"footnotes":""},"class_list":["post-25","page","type-page","status-publish","hentry"],"_links":{"self":[{"href":"https:\/\/mgv-gundersheim.de\/wp\/index.php?rest_route=\/wp\/v2\/pages\/25","targetHints":{"allow":["GET"]}}],"collection":[{"href":"https:\/\/mgv-gundersheim.de\/wp\/index.php?rest_route=\/wp\/v2\/pages"}],"about":[{"href":"https:\/\/mgv-gundersheim.de\/wp\/index.php?rest_route=\/wp\/v2\/types\/page"}],"author":[{"embeddable":true,"href":"https:\/\/mgv-gundersheim.de\/wp\/index.php?rest_route=\/wp\/v2\/users\/1"}],"replies":[{"embeddable":true,"href":"https:\/\/mgv-gundersheim.de\/wp\/index.php?rest_route=%2Fwp%2Fv2%2Fcomments&post=25"}],"version-history":[{"count":1,"href":"https:\/\/mgv-gundersheim.de\/wp\/index.php?rest_route=\/wp\/v2\/pages\/25\/revisions"}],"predecessor-version":[{"id":13682,"href":"https:\/\/mgv-gundersheim.de\/wp\/index.php?rest_route=\/wp\/v2\/pages\/25\/revisions\/13682"}],"wp:attachment":[{"href":"https:\/\/mgv-gundersheim.de\/wp\/index.php?rest_route=%2Fwp%2Fv2%2Fmedia&parent=25"}],"curies":[{"name":"wp","href":"https:\/\/api.w.org\/{rel}","templated":true}]}}