{"id":81,"date":"2012-07-03T14:15:09","date_gmt":"2012-07-03T12:15:09","guid":{"rendered":"http:\/\/mgv-gundersheim.de\/wp\/?page_id=81"},"modified":"2024-07-27T13:31:27","modified_gmt":"2024-07-27T11:31:27","slug":"vorstand","status":"publish","type":"page","link":"https:\/\/mgv-gundersheim.de\/wp\/?page_id=81","title":{"rendered":"Vorstand"},"content":{"rendered":"<h1 style=\"padding-left: 40px;\"><span style=\"font-size: 18px; color: #000000;\">Der Vorstand des MGV &#8211; Liederkranz Gundersheim hat im Jahr 2021 folgende Mitglieder:<\/span><\/h1>\n<h1><span style=\"font-size: 18px; color: #000000;\"><a href=\"https:\/\/mgv-gundersheim.de\/wp\/wp-content\/uploads\/2012\/07\/IMG_98162.jpg\"><img loading=\"lazy\" decoding=\"async\" class=\"wp-image-115 aligncenter\" title=\"IMG_9816\" src=\"https:\/\/mgv-gundersheim.de\/wp\/wp-content\/uploads\/2012\/07\/IMG_98162-300x200.jpg\" alt=\"\" width=\"420\" height=\"304\"><\/a><\/span><\/h1>\n<p><strong>Erster Vorsitzender&nbsp; &nbsp; &nbsp; &nbsp; &nbsp; &nbsp; &nbsp; &nbsp; Sascha Krause<\/strong><\/p>\n<p><strong>Zweite Vorsitzende&nbsp; &nbsp; &nbsp; &nbsp; &nbsp; &nbsp; &nbsp; &nbsp; &nbsp;Birgit Daum<\/strong><\/p>\n<p><strong>Schriftf\u00fchrerin&nbsp; &nbsp; &nbsp; &nbsp; &nbsp; &nbsp; &nbsp; &nbsp; &nbsp; &nbsp; &nbsp; &nbsp; &nbsp;Birgit Koob<\/strong><\/p>\n<p><strong>Kassenf\u00fchrer&nbsp; &nbsp; &nbsp; &nbsp; &nbsp; &nbsp; &nbsp; &nbsp; &nbsp; &nbsp; &nbsp; &nbsp; &nbsp; &nbsp; Raimond Steinbach<\/strong><\/p>\n<p><strong>Sprecherin Bellafonie&nbsp; &nbsp; &nbsp; &nbsp; &nbsp; &nbsp; Ramonita Loh<\/strong><\/p>\n<p><strong>Beisitzer M\u00e4nnerchor&nbsp; &nbsp; &nbsp; &nbsp; &nbsp; &nbsp; Josef Steppuhn<\/strong><\/p>\n<p><strong>&nbsp; &nbsp; &nbsp; &nbsp; &nbsp; &nbsp; &nbsp; &nbsp; &nbsp; &nbsp; &nbsp; &nbsp; &nbsp; &nbsp; &nbsp; &nbsp; &nbsp; &nbsp; &nbsp; &nbsp; &nbsp; &nbsp; &nbsp; &nbsp; &nbsp; &nbsp; &nbsp; &nbsp; &nbsp;Klaus Metz<\/strong><\/p>\n<p><strong>Beisitzer Bellafonie&nbsp; &nbsp; &nbsp; &nbsp; &nbsp; &nbsp; &nbsp; &nbsp; &nbsp;Iris Jene<\/strong><\/p>\n<p><strong>&nbsp; &nbsp; &nbsp; &nbsp; &nbsp; &nbsp; &nbsp; &nbsp; &nbsp; &nbsp; &nbsp; &nbsp; &nbsp; &nbsp; &nbsp; &nbsp; &nbsp; &nbsp; &nbsp; &nbsp; &nbsp; &nbsp; &nbsp; &nbsp; &nbsp; &nbsp; &nbsp; &nbsp; B\u00e4rbel Schwemm<\/strong><\/p>\n<p><strong>Jugendreferentin&nbsp; &nbsp; &nbsp; &nbsp; &nbsp; &nbsp; &nbsp; &nbsp; &nbsp; &nbsp; &nbsp;Christiane Loh<\/strong><\/p>\n<p><strong>Notenwart M\u00e4nnerchor&nbsp; &nbsp; &nbsp; &nbsp; Matthias Lawall jun.<\/strong><\/p>\n<p><strong>Notenwartin Bellafonie&nbsp; &nbsp; &nbsp; &nbsp; &nbsp;Petra Oswald<\/strong><\/p>\n<p><strong>Veranstaltungswartin&nbsp; &nbsp; &nbsp; &nbsp; &nbsp; &nbsp; Beate Mayer<\/strong><\/p>\n<p><strong>Ehrenvorstandsmitglied&nbsp; &nbsp; &nbsp; &nbsp;Hermann Bossert<\/strong><\/p>\n<p><strong>Chorleiter M\u00e4nnerchor&nbsp; &nbsp; &nbsp; &nbsp; &nbsp;J\u00fcrgen G\u00fcndner<\/strong><\/p>\n<p><strong>Chorleiter Bellafonie&nbsp; &nbsp; &nbsp; &nbsp; &nbsp; &nbsp; &nbsp; Viktor Wendtner<\/strong><\/p>\n\n\n<p><\/p>\n","protected":false},"excerpt":{"rendered":"<p>Der Vorstand des MGV &#8211; Liederkranz Gundersheim hat im Jahr 2021 folgende Mitglieder: Erster Vorsitzender&nbsp; &nbsp; &nbsp; &nbsp; &nbsp; &nbsp; &nbsp; &nbsp; Sascha Krause Zweite Vorsitzende&nbsp; &nbsp; &nbsp; &nbsp; &nbsp; &nbsp; &nbsp; &nbsp; &nbsp;Birgit Daum Schriftf\u00fchrerin&nbsp; &nbsp; &nbsp; &nbsp; &nbsp; &hellip; <a href=\"https:\/\/mgv-gundersheim.de\/wp\/?page_id=81\">Weiterlesen <span class=\"meta-nav\">&rarr;<\/span><\/a><\/p>\n","protected":false},"author":1,"featured_media":0,"parent":151,"menu_order":2,"comment_status":"closed","ping_status":"closed","template":"onecolumn-page.php","meta":{"ngg_post_thumbnail":0,"footnotes":""},"class_list":["post-81","page","type-page","status-publish","hentry"],"_links":{"self":[{"href":"https:\/\/mgv-gundersheim.de\/wp\/index.php?rest_route=\/wp\/v2\/pages\/81","targetHints":{"allow":["GET"]}}],"collection":[{"href":"https:\/\/mgv-gundersheim.de\/wp\/index.php?rest_route=\/wp\/v2\/pages"}],"about":[{"href":"https:\/\/mgv-gundersheim.de\/wp\/index.php?rest_route=\/wp\/v2\/types\/page"}],"author":[{"embeddable":true,"href":"https:\/\/mgv-gundersheim.de\/wp\/index.php?rest_route=\/wp\/v2\/users\/1"}],"replies":[{"embeddable":true,"href":"https:\/\/mgv-gundersheim.de\/wp\/index.php?rest_route=%2Fwp%2Fv2%2Fcomments&post=81"}],"version-history":[{"count":25,"href":"https:\/\/mgv-gundersheim.de\/wp\/index.php?rest_route=\/wp\/v2\/pages\/81\/revisions"}],"predecessor-version":[{"id":18969,"href":"https:\/\/mgv-gundersheim.de\/wp\/index.php?rest_route=\/wp\/v2\/pages\/81\/revisions\/18969"}],"up":[{"embeddable":true,"href":"https:\/\/mgv-gundersheim.de\/wp\/index.php?rest_route=\/wp\/v2\/pages\/151"}],"wp:attachment":[{"href":"https:\/\/mgv-gundersheim.de\/wp\/index.php?rest_route=%2Fwp%2Fv2%2Fmedia&parent=81"}],"curies":[{"name":"wp","href":"https:\/\/api.w.org\/{rel}","templated":true}]}}